{"id":55,"date":"2022-02-26T21:46:05","date_gmt":"2022-02-26T21:46:05","guid":{"rendered":"https:\/\/joitech.com.br\/?page_id=55"},"modified":"2023-01-27T17:18:01","modified_gmt":"2023-01-27T17:18:01","slug":"eset-endpoint-security","status":"publish","type":"page","link":"https:\/\/joitech.com.br\/index.php\/eset-endpoint-security\/","title":{"rendered":"ESET Endpoint Security"},"content":{"rendered":"<div class=\"wp-block-image is-style-default\">\n<figure class=\"aligncenter size-full\"><img loading=\"lazy\" decoding=\"async\" width=\"375\" height=\"235\" src=\"https:\/\/joitech.com.br\/wp-content\/uploads\/2022\/02\/eset.png\" alt=\"\" class=\"wp-image-57\" srcset=\"https:\/\/joitech.com.br\/wp-content\/uploads\/2022\/02\/eset.png 375w, https:\/\/joitech.com.br\/wp-content\/uploads\/2022\/02\/eset-300x188.png 300w\" sizes=\"auto, (max-width: 375px) 100vw, 375px\" \/><\/figure>\n<\/div>\n\n\n<p>      A plataforma de prote\u00e7\u00e3o de endpoint (EPP) \u00e9 uma solu\u00e7\u00e3o de seguran\u00e7a implantada em dispositivos da empresa para evitar ataques cibern\u00e9ticos, detectar atividades maliciosas e fornecer recursos de corre\u00e7\u00e3o instant\u00e2nea.<\/p>\n\n\n\n<p style=\"font-size:24px\"><strong>Por que os clientes apreciam nossa solu\u00e7\u00e3o de prote\u00e7\u00e3o de endpoint?<\/strong><\/p>\n\n\n\n<h4 class=\"wp-block-heading\"><strong>Defesa em v\u00e1rias camadas<\/strong><\/h4>\n\n\n\n<p>Uma \u00fanica camada de defesa n\u00e3o \u00e9 suficiente. Detecta a pr\u00e9-execu\u00e7\u00e3o de malware, durante a execu\u00e7\u00e3o e p\u00f3s-execu\u00e7\u00e3o do ciclo de vida para fornecer o mais alto n\u00edvel de prote\u00e7\u00e3o poss\u00edvel.<\/p>\n\n\n\n<h4 class=\"wp-block-heading\"><strong>Suporte multiplataforma<\/strong><\/h4>\n\n\n\n<p>Windows, Mac, Linux e Android s\u00e3o suportados. O gerenciamento de dispositivos m\u00f3veis para iOS e Android tamb\u00e9m est\u00e1 totalmente integrado.<\/p>\n\n\n\n<h4 class=\"wp-block-heading\"><strong>Desempenho incompar\u00e1vel<\/strong><\/h4>\n\n\n\n<p>Excel\u00eancia na \u00e1rea de atua\u00e7\u00e3o. Testes de terceiros comprovam o qu\u00e3o leve \u00e9 \u200b\u200bnossa prote\u00e7\u00e3o de endpoint nos sistemas.<\/p>\n\n\n\n<p class=\"has-text-align-center\"><strong>Solicite um or\u00e7amento<\/strong><\/p>\n\n\n\n<p class=\"has-text-align-center has-white-color has-blue-background-color has-text-color has-background\" style=\"font-size:24px;text-transform:uppercase\"><strong>47 99932-9833<\/strong><br><strong>47 98407-1557<\/strong><\/p>\n","protected":false},"excerpt":{"rendered":"<p>A plataforma de prote\u00e7\u00e3o de endpoint (EPP) \u00e9 uma solu\u00e7\u00e3o de seguran\u00e7a implantada em dispositivos da empresa para evitar ataques<\/p>\n<p><a href=\"https:\/\/joitech.com.br\/index.php\/eset-endpoint-security\/\" class=\"more-link\">Continue reading<span class=\"screen-reader-text\">ESET Endpoint Security<\/span><\/a><\/p>\n","protected":false},"author":1,"featured_media":0,"parent":0,"menu_order":0,"comment_status":"closed","ping_status":"closed","template":"","meta":{"footnotes":""},"class_list":["post-55","page","type-page","status-publish","hentry"],"_links":{"self":[{"href":"https:\/\/joitech.com.br\/index.php\/wp-json\/wp\/v2\/pages\/55","targetHints":{"allow":["GET"]}}],"collection":[{"href":"https:\/\/joitech.com.br\/index.php\/wp-json\/wp\/v2\/pages"}],"about":[{"href":"https:\/\/joitech.com.br\/index.php\/wp-json\/wp\/v2\/types\/page"}],"author":[{"embeddable":true,"href":"https:\/\/joitech.com.br\/index.php\/wp-json\/wp\/v2\/users\/1"}],"replies":[{"embeddable":true,"href":"https:\/\/joitech.com.br\/index.php\/wp-json\/wp\/v2\/comments?post=55"}],"version-history":[{"count":6,"href":"https:\/\/joitech.com.br\/index.php\/wp-json\/wp\/v2\/pages\/55\/revisions"}],"predecessor-version":[{"id":74,"href":"https:\/\/joitech.com.br\/index.php\/wp-json\/wp\/v2\/pages\/55\/revisions\/74"}],"wp:attachment":[{"href":"https:\/\/joitech.com.br\/index.php\/wp-json\/wp\/v2\/media?parent=55"}],"curies":[{"name":"wp","href":"https:\/\/api.w.org\/{rel}","templated":true}]}}