{"id":46,"date":"2022-02-18T20:31:49","date_gmt":"2022-02-18T20:31:49","guid":{"rendered":"https:\/\/joitech.com.br\/?page_id=46"},"modified":"2023-02-20T13:01:38","modified_gmt":"2023-02-20T13:01:38","slug":"bem-vindo","status":"publish","type":"page","link":"https:\/\/joitech.com.br\/","title":{"rendered":"Bem vindo"},"content":{"rendered":"\n<p>            Somos a empresa Joitech Inform\u00e1tica e gostar\u00edamos de nos apresentar para voc\u00ea. Estamos no mercado de inform\u00e1tica h\u00e1 15 anos e nosso lema \u00e9 atuar sempre com compet\u00eancia e agilidade. Para isso estamos sempre nos qualificando e buscando conhecimento das mais novas tecnologias do mercado.<br>Somos representantes do sistema de gest\u00e3o comercial SG Master e SG Master MEI, um sistema de alta disponibilidade, contando com uma equipe de suporte que est\u00e1 dispon\u00edvel 24 horas nos 7 dias da semana. Trabalhamos tamb\u00e9m com hospedagem e desenvolvimento de sites sem custo*. Buscamos sempre apresentar para nossos clientes os produtos com alta tecnologia e os melhores pre\u00e7os.<br><br>A presta\u00e7\u00e3o dos melhores servi\u00e7os aos nossos clientes \u00e9 o que nos move.<\/p>\n","protected":false},"excerpt":{"rendered":"<p>Somos a empresa Joitech Inform\u00e1tica e gostar\u00edamos de nos apresentar para voc\u00ea. Estamos no mercado de inform\u00e1tica h\u00e1 15 anos<\/p>\n<p><a href=\"https:\/\/joitech.com.br\/\" class=\"more-link\">Continue reading<span class=\"screen-reader-text\">Bem vindo<\/span><\/a><\/p>\n","protected":false},"author":1,"featured_media":0,"parent":0,"menu_order":0,"comment_status":"closed","ping_status":"closed","template":"","meta":{"footnotes":""},"class_list":["post-46","page","type-page","status-publish","hentry"],"_links":{"self":[{"href":"https:\/\/joitech.com.br\/index.php\/wp-json\/wp\/v2\/pages\/46","targetHints":{"allow":["GET"]}}],"collection":[{"href":"https:\/\/joitech.com.br\/index.php\/wp-json\/wp\/v2\/pages"}],"about":[{"href":"https:\/\/joitech.com.br\/index.php\/wp-json\/wp\/v2\/types\/page"}],"author":[{"embeddable":true,"href":"https:\/\/joitech.com.br\/index.php\/wp-json\/wp\/v2\/users\/1"}],"replies":[{"embeddable":true,"href":"https:\/\/joitech.com.br\/index.php\/wp-json\/wp\/v2\/comments?post=46"}],"version-history":[{"count":2,"href":"https:\/\/joitech.com.br\/index.php\/wp-json\/wp\/v2\/pages\/46\/revisions"}],"predecessor-version":[{"id":76,"href":"https:\/\/joitech.com.br\/index.php\/wp-json\/wp\/v2\/pages\/46\/revisions\/76"}],"wp:attachment":[{"href":"https:\/\/joitech.com.br\/index.php\/wp-json\/wp\/v2\/media?parent=46"}],"curies":[{"name":"wp","href":"https:\/\/api.w.org\/{rel}","templated":true}]}}