{"id":2,"date":"2022-02-17T14:52:54","date_gmt":"2022-02-17T14:52:54","guid":{"rendered":"http:\/\/joitech.com.br\/?page_id=2"},"modified":"2023-08-21T22:57:15","modified_gmt":"2023-08-21T22:57:15","slug":"sgmaster","status":"publish","type":"page","link":"https:\/\/joitech.com.br\/index.php\/sgmaster\/","title":{"rendered":"SG MASTER"},"content":{"rendered":"\n<figure class=\"wp-block-image size-large\"><img loading=\"lazy\" decoding=\"async\" width=\"1024\" height=\"576\" src=\"http:\/\/joitech.com.br\/wp-content\/uploads\/2023\/08\/0001-1024x576.jpg\" alt=\"\" class=\"wp-image-80\" srcset=\"https:\/\/joitech.com.br\/wp-content\/uploads\/2023\/08\/0001-1024x576.jpg 1024w, https:\/\/joitech.com.br\/wp-content\/uploads\/2023\/08\/0001-300x169.jpg 300w, https:\/\/joitech.com.br\/wp-content\/uploads\/2023\/08\/0001-768x432.jpg 768w, https:\/\/joitech.com.br\/wp-content\/uploads\/2023\/08\/0001-1536x864.jpg 1536w, https:\/\/joitech.com.br\/wp-content\/uploads\/2023\/08\/0001-2048x1152.jpg 2048w, https:\/\/joitech.com.br\/wp-content\/uploads\/2023\/08\/0001-1920x1080.jpg 1920w\" sizes=\"auto, (max-width: 1024px) 100vw, 1024px\" \/><\/figure>\n\n\n\n<figure class=\"wp-block-image size-large\"><img loading=\"lazy\" decoding=\"async\" width=\"1024\" height=\"576\" src=\"http:\/\/joitech.com.br\/wp-content\/uploads\/2023\/08\/0002-1024x576.jpg\" alt=\"\" class=\"wp-image-82\" srcset=\"https:\/\/joitech.com.br\/wp-content\/uploads\/2023\/08\/0002-1024x576.jpg 1024w, https:\/\/joitech.com.br\/wp-content\/uploads\/2023\/08\/0002-300x169.jpg 300w, https:\/\/joitech.com.br\/wp-content\/uploads\/2023\/08\/0002-768x432.jpg 768w, https:\/\/joitech.com.br\/wp-content\/uploads\/2023\/08\/0002-1536x864.jpg 1536w, https:\/\/joitech.com.br\/wp-content\/uploads\/2023\/08\/0002-2048x1152.jpg 2048w, https:\/\/joitech.com.br\/wp-content\/uploads\/2023\/08\/0002-1920x1080.jpg 1920w\" sizes=\"auto, (max-width: 1024px) 100vw, 1024px\" \/><\/figure>\n\n\n\n<figure class=\"wp-block-image size-large\"><img loading=\"lazy\" decoding=\"async\" width=\"1024\" height=\"576\" src=\"http:\/\/joitech.com.br\/wp-content\/uploads\/2023\/08\/0003-1024x576.jpg\" alt=\"\" class=\"wp-image-81\" srcset=\"https:\/\/joitech.com.br\/wp-content\/uploads\/2023\/08\/0003-1024x576.jpg 1024w, https:\/\/joitech.com.br\/wp-content\/uploads\/2023\/08\/0003-300x169.jpg 300w, https:\/\/joitech.com.br\/wp-content\/uploads\/2023\/08\/0003-768x432.jpg 768w, https:\/\/joitech.com.br\/wp-content\/uploads\/2023\/08\/0003-1536x864.jpg 1536w, https:\/\/joitech.com.br\/wp-content\/uploads\/2023\/08\/0003-2048x1152.jpg 2048w, https:\/\/joitech.com.br\/wp-content\/uploads\/2023\/08\/0003-1920x1080.jpg 1920w\" sizes=\"auto, (max-width: 1024px) 100vw, 1024px\" \/><\/figure>\n\n\n\n<figure class=\"wp-block-image size-large\"><img loading=\"lazy\" decoding=\"async\" width=\"1024\" height=\"576\" src=\"http:\/\/joitech.com.br\/wp-content\/uploads\/2023\/08\/0004-1024x576.jpg\" alt=\"\" class=\"wp-image-83\" srcset=\"https:\/\/joitech.com.br\/wp-content\/uploads\/2023\/08\/0004-1024x576.jpg 1024w, https:\/\/joitech.com.br\/wp-content\/uploads\/2023\/08\/0004-300x169.jpg 300w, https:\/\/joitech.com.br\/wp-content\/uploads\/2023\/08\/0004-768x432.jpg 768w, https:\/\/joitech.com.br\/wp-content\/uploads\/2023\/08\/0004-1536x864.jpg 1536w, https:\/\/joitech.com.br\/wp-content\/uploads\/2023\/08\/0004-2048x1152.jpg 2048w, https:\/\/joitech.com.br\/wp-content\/uploads\/2023\/08\/0004-1920x1080.jpg 1920w\" sizes=\"auto, (max-width: 1024px) 100vw, 1024px\" \/><\/figure>\n\n\n\n<figure class=\"wp-block-image size-large\"><img loading=\"lazy\" decoding=\"async\" width=\"1024\" height=\"576\" src=\"http:\/\/joitech.com.br\/wp-content\/uploads\/2023\/08\/0005-1024x576.jpg\" alt=\"\" class=\"wp-image-84\" srcset=\"https:\/\/joitech.com.br\/wp-content\/uploads\/2023\/08\/0005-1024x576.jpg 1024w, https:\/\/joitech.com.br\/wp-content\/uploads\/2023\/08\/0005-300x169.jpg 300w, https:\/\/joitech.com.br\/wp-content\/uploads\/2023\/08\/0005-768x432.jpg 768w, https:\/\/joitech.com.br\/wp-content\/uploads\/2023\/08\/0005-1536x864.jpg 1536w, https:\/\/joitech.com.br\/wp-content\/uploads\/2023\/08\/0005-2048x1152.jpg 2048w, https:\/\/joitech.com.br\/wp-content\/uploads\/2023\/08\/0005-1920x1080.jpg 1920w\" sizes=\"auto, (max-width: 1024px) 100vw, 1024px\" \/><\/figure>\n\n\n\n<figure class=\"wp-block-image size-large\"><img loading=\"lazy\" decoding=\"async\" width=\"1024\" height=\"576\" src=\"http:\/\/joitech.com.br\/wp-content\/uploads\/2023\/08\/0007-1024x576.jpg\" alt=\"\" class=\"wp-image-86\" srcset=\"https:\/\/joitech.com.br\/wp-content\/uploads\/2023\/08\/0007-1024x576.jpg 1024w, https:\/\/joitech.com.br\/wp-content\/uploads\/2023\/08\/0007-300x169.jpg 300w, https:\/\/joitech.com.br\/wp-content\/uploads\/2023\/08\/0007-768x432.jpg 768w, https:\/\/joitech.com.br\/wp-content\/uploads\/2023\/08\/0007-1536x864.jpg 1536w, https:\/\/joitech.com.br\/wp-content\/uploads\/2023\/08\/0007-2048x1152.jpg 2048w, https:\/\/joitech.com.br\/wp-content\/uploads\/2023\/08\/0007-1920x1080.jpg 1920w\" sizes=\"auto, (max-width: 1024px) 100vw, 1024px\" \/><\/figure>\n\n\n\n<figure class=\"wp-block-image size-large\"><img loading=\"lazy\" decoding=\"async\" width=\"1024\" height=\"576\" src=\"http:\/\/joitech.com.br\/wp-content\/uploads\/2023\/08\/0016-1024x576.jpg\" alt=\"\" class=\"wp-image-96\" srcset=\"https:\/\/joitech.com.br\/wp-content\/uploads\/2023\/08\/0016-1024x576.jpg 1024w, https:\/\/joitech.com.br\/wp-content\/uploads\/2023\/08\/0016-300x169.jpg 300w, https:\/\/joitech.com.br\/wp-content\/uploads\/2023\/08\/0016-768x432.jpg 768w, https:\/\/joitech.com.br\/wp-content\/uploads\/2023\/08\/0016-1536x864.jpg 1536w, https:\/\/joitech.com.br\/wp-content\/uploads\/2023\/08\/0016-2048x1152.jpg 2048w, https:\/\/joitech.com.br\/wp-content\/uploads\/2023\/08\/0016-1920x1080.jpg 1920w\" sizes=\"auto, (max-width: 1024px) 100vw, 1024px\" \/><\/figure>\n\n\n\n<figure class=\"wp-block-image size-large\"><img loading=\"lazy\" decoding=\"async\" width=\"1024\" height=\"576\" src=\"http:\/\/joitech.com.br\/wp-content\/uploads\/2023\/08\/0013-1024x576.jpg\" alt=\"\" class=\"wp-image-90\" srcset=\"https:\/\/joitech.com.br\/wp-content\/uploads\/2023\/08\/0013-1024x576.jpg 1024w, https:\/\/joitech.com.br\/wp-content\/uploads\/2023\/08\/0013-300x169.jpg 300w, https:\/\/joitech.com.br\/wp-content\/uploads\/2023\/08\/0013-768x432.jpg 768w, https:\/\/joitech.com.br\/wp-content\/uploads\/2023\/08\/0013-1536x864.jpg 1536w, https:\/\/joitech.com.br\/wp-content\/uploads\/2023\/08\/0013-2048x1152.jpg 2048w, https:\/\/joitech.com.br\/wp-content\/uploads\/2023\/08\/0013-1920x1080.jpg 1920w\" sizes=\"auto, (max-width: 1024px) 100vw, 1024px\" \/><\/figure>\n\n\n\n<h1 class=\"wp-block-heading\" id=\"modelo-pre-pago-mensalidade\"><strong>Modelo pr\u00e9-pago Mensalidade<\/strong><\/h1>\n\n\n\n<h3 class=\"wp-block-heading\" id=\"o-sg-master-e-homologado-para-emissao-de-documentos-fiscais-em-todos-os-estados-brasileiros\"><strong>O SG Master \u00e9 homologado para emiss\u00e3o de documentos fiscais em todos os estados brasileiros.<\/strong><\/h3>\n\n\n\n<p><\/p>\n\n\n\n<p><\/p>\n","protected":false},"excerpt":{"rendered":"<p>Modelo pr\u00e9-pago Mensalidade O SG Master \u00e9 homologado para emiss\u00e3o de documentos fiscais em todos os estados brasileiros.<\/p>\n","protected":false},"author":1,"featured_media":0,"parent":0,"menu_order":0,"comment_status":"closed","ping_status":"open","template":"","meta":{"footnotes":""},"class_list":["post-2","page","type-page","status-publish","hentry"],"_links":{"self":[{"href":"https:\/\/joitech.com.br\/index.php\/wp-json\/wp\/v2\/pages\/2","targetHints":{"allow":["GET"]}}],"collection":[{"href":"https:\/\/joitech.com.br\/index.php\/wp-json\/wp\/v2\/pages"}],"about":[{"href":"https:\/\/joitech.com.br\/index.php\/wp-json\/wp\/v2\/types\/page"}],"author":[{"embeddable":true,"href":"https:\/\/joitech.com.br\/index.php\/wp-json\/wp\/v2\/users\/1"}],"replies":[{"embeddable":true,"href":"https:\/\/joitech.com.br\/index.php\/wp-json\/wp\/v2\/comments?post=2"}],"version-history":[{"count":8,"href":"https:\/\/joitech.com.br\/index.php\/wp-json\/wp\/v2\/pages\/2\/revisions"}],"predecessor-version":[{"id":101,"href":"https:\/\/joitech.com.br\/index.php\/wp-json\/wp\/v2\/pages\/2\/revisions\/101"}],"wp:attachment":[{"href":"https:\/\/joitech.com.br\/index.php\/wp-json\/wp\/v2\/media?parent=2"}],"curies":[{"name":"wp","href":"https:\/\/api.w.org\/{rel}","templated":true}]}}