{"id":17,"date":"2022-02-17T22:32:15","date_gmt":"2022-02-17T22:32:15","guid":{"rendered":"https:\/\/joitech.com.br\/?page_id=17"},"modified":"2022-02-18T21:00:28","modified_gmt":"2022-02-18T21:00:28","slug":"representacao-do-software-sgbr-sistemas","status":"publish","type":"page","link":"https:\/\/joitech.com.br\/index.php\/representacao-do-software-sgbr-sistemas\/","title":{"rendered":"Representa\u00e7\u00e3o do software SGBR Sistemas"},"content":{"rendered":"\n<p><\/p>\n\n\n\n<h2 class=\"has-white-color has-blue-background-color has-text-color has-background wp-block-heading\" id=\"a-tecnologia-que-voce-buscavoce-encontra-aqui\" style=\"font-style:normal;font-weight:100\">A TECNOLOGIA QUE VOC\u00ca BUSCA<br><strong>VOC\u00ca ENCONTRA AQUI<\/strong><\/h2>\n\n\n\n<p>         Um sistema completo e interativo que automatiza suas tarefas e integra diferentes \u00e1reas do seu neg\u00f3cio. O <strong>SG Master<\/strong> \u00e9 a ferramenta ideal para ajudar a sua empresa crescer de forma correta, cumprindo toda a legisla\u00e7\u00e3o vigente. Atende micro, pequenos e m\u00e9dios estabelecimentos comerciais de forma assertiva, suprindo suas principais necessidades, automatizando as rotinas di\u00e1rias e apoiando na gest\u00e3o do neg\u00f3cio.<\/p>\n\n\n\n<p>Implanta\u00e7\u00e3o sem custo&#8230;<\/p>\n\n\n\n<p><a href=\"https:\/\/joitech.com.br\/index.php\/sgmaster\/\" target=\"_blank\" rel=\"noreferrer noopener\">Saiba mais&#8230;<\/a><\/p>\n","protected":false},"excerpt":{"rendered":"<p>A TECNOLOGIA QUE VOC\u00ca BUSCAVOC\u00ca ENCONTRA AQUI Um sistema completo e interativo que automatiza suas tarefas e integra diferentes \u00e1reas<\/p>\n<p><a href=\"https:\/\/joitech.com.br\/index.php\/representacao-do-software-sgbr-sistemas\/\" class=\"more-link\">Continue reading<span class=\"screen-reader-text\">Representa\u00e7\u00e3o do software SGBR Sistemas<\/span><\/a><\/p>\n","protected":false},"author":1,"featured_media":0,"parent":0,"menu_order":0,"comment_status":"closed","ping_status":"closed","template":"","meta":{"footnotes":""},"class_list":["post-17","page","type-page","status-publish","hentry"],"_links":{"self":[{"href":"https:\/\/joitech.com.br\/index.php\/wp-json\/wp\/v2\/pages\/17","targetHints":{"allow":["GET"]}}],"collection":[{"href":"https:\/\/joitech.com.br\/index.php\/wp-json\/wp\/v2\/pages"}],"about":[{"href":"https:\/\/joitech.com.br\/index.php\/wp-json\/wp\/v2\/types\/page"}],"author":[{"embeddable":true,"href":"https:\/\/joitech.com.br\/index.php\/wp-json\/wp\/v2\/users\/1"}],"replies":[{"embeddable":true,"href":"https:\/\/joitech.com.br\/index.php\/wp-json\/wp\/v2\/comments?post=17"}],"version-history":[{"count":4,"href":"https:\/\/joitech.com.br\/index.php\/wp-json\/wp\/v2\/pages\/17\/revisions"}],"predecessor-version":[{"id":53,"href":"https:\/\/joitech.com.br\/index.php\/wp-json\/wp\/v2\/pages\/17\/revisions\/53"}],"wp:attachment":[{"href":"https:\/\/joitech.com.br\/index.php\/wp-json\/wp\/v2\/media?parent=17"}],"curies":[{"name":"wp","href":"https:\/\/api.w.org\/{rel}","templated":true}]}}